{"id":7031,"date":"2024-10-29T09:28:28","date_gmt":"2024-10-29T07:28:28","guid":{"rendered":"https:\/\/liedoninnovaatiokampus.fi\/dev\/?page_id=7031"},"modified":"2025-12-15T14:44:31","modified_gmt":"2025-12-15T12:44:31","slug":"alihankintaverkosto","status":"publish","type":"page","link":"https:\/\/liedoninnovaatiokampus.fi\/dev\/alihankintaverkosto","title":{"rendered":"Alihankintaverkosto"},"content":{"rendered":"[vc_row type=&#8221;full_width_background&#8221; full_screen_row_position=&#8221;middle&#8221; column_margin=&#8221;default&#8221; column_direction=&#8221;default&#8221; column_direction_tablet=&#8221;default&#8221; column_direction_phone=&#8221;default&#8221; bg_color=&#8221;#002f49&#8243; bg_image=&#8221;8237&#8243; bg_image_type=&#8221;default&#8221; bg_position=&#8221;center bottom&#8221; background_image_loading=&#8221;default&#8221; bg_repeat=&#8221;no-repeat&#8221; scene_position=&#8221;center&#8221; top_padding=&#8221;10%&#8221; constrain_group_1=&#8221;yes&#8221; bottom_padding=&#8221;10%&#8221; left_padding_desktop=&#8221;5%&#8221; constrain_group_2=&#8221;yes&#8221; right_padding_desktop=&#8221;5%&#8221; constrain_group_3=&#8221;yes&#8221; left_padding_tablet=&#8221;0&#8243; constrain_group_4=&#8221;yes&#8221; right_padding_tablet=&#8221;0&#8243; top_padding_phone=&#8221;20%&#8221; constrain_group_5=&#8221;yes&#8221; bottom_padding_phone=&#8221;20%&#8221; left_padding_phone=&#8221;0&#8243; constrain_group_6=&#8221;yes&#8221; right_padding_phone=&#8221;0&#8243; text_color=&#8221;dark&#8221; text_align=&#8221;left&#8221; row_border_radius=&#8221;custom&#8221; row_border_radius_applies=&#8221;bg&#8221; row_position_desktop=&#8221;default&#8221; row_position_tablet=&#8221;inherit&#8221; row_position_phone=&#8221;inherit&#8221; overflow=&#8221;visible&#8221; enable_gradient=&#8221;true&#8221; color_overlay=&#8221;#000000&#8243; overlay_strength=&#8221;0.3&#8243; gradient_direction=&#8221;left_to_right&#8221; shape_divider_position=&#8221;bottom&#8221; shape_divider_height_phone=&#8221;340&#8243; bg_image_animation=&#8221;none&#8221; gradient_type=&#8221;default&#8221; shape_type=&#8221;straight_section&#8221;][vc_column left_padding_phone=&#8221;0&#8243; column_element_direction_desktop=&#8221;default&#8221; column_element_spacing=&#8221;default&#8221; desktop_text_alignment=&#8221;default&#8221; tablet_text_alignment=&#8221;default&#8221; phone_text_alignment=&#8221;default&#8221; background_color_opacity=&#8221;1&#8243; background_hover_color_opacity=&#8221;1&#8243; column_backdrop_filter=&#8221;none&#8221; column_shadow=&#8221;none&#8221; column_border_radius=&#8221;none&#8221; column_link_target=&#8221;_self&#8221; column_position=&#8221;default&#8221; zindex=&#8221;999&#8243; gradient_direction=&#8221;left_to_right&#8221; overlay_strength=&#8221;0.3&#8243; width=&#8221;1\/1&#8243; tablet_width_inherit=&#8221;default&#8221; animation_type=&#8221;default&#8221; bg_image_animation=&#8221;none&#8221; border_type=&#8221;simple&#8221; column_border_width=&#8221;none&#8221; column_border_style=&#8221;solid&#8221; column_padding_type=&#8221;advanced&#8221; gradient_type=&#8221;default&#8221; content_layout=&#8221;default&#8221;][nectar_responsive_text inherited_font_style=&#8221;default&#8221; text_color=&#8221;#ffffff&#8221; font_size_desktop=&#8221;70&#8243; font_line_height=&#8221;1.1&#8243; font_size_phone=&#8221;45&#8243; text_direction=&#8221;default&#8221;]\n<h1>Alihankinta\u00adverkosto<\/h1>\n[\/nectar_responsive_text][\/vc_column][\/vc_row][vc_row type=&#8221;in_container&#8221; full_screen_row_position=&#8221;middle&#8221; column_margin=&#8221;default&#8221; column_direction=&#8221;default&#8221; column_direction_tablet=&#8221;default&#8221; column_direction_phone=&#8221;default&#8221; scene_position=&#8221;center&#8221; top_padding=&#8221;4%&#8221; bottom_padding=&#8221;2%&#8221; left_padding_desktop=&#8221;4%&#8221; constrain_group_2=&#8221;yes&#8221; right_padding_desktop=&#8221;4%&#8221; top_padding_phone=&#8221;10%&#8221; bottom_padding_phone=&#8221;5%&#8221; left_padding_phone=&#8221;0&#8243; constrain_group_6=&#8221;yes&#8221; right_padding_phone=&#8221;0&#8243; text_color=&#8221;dark&#8221; text_align=&#8221;left&#8221; row_border_radius=&#8221;none&#8221; row_border_radius_applies=&#8221;bg&#8221; zindex=&#8221;9999&#8243; row_position_desktop=&#8221;default&#8221; row_position_tablet=&#8221;inherit&#8221; row_position_phone=&#8221;inherit&#8221; overflow=&#8221;visible&#8221; overlay_strength=&#8221;0.3&#8243; gradient_direction=&#8221;left_to_right&#8221; shape_divider_position=&#8221;bottom&#8221; bg_image_animation=&#8221;none&#8221; gradient_type=&#8221;default&#8221; shape_type=&#8221;&#8221;][vc_column left_padding_desktop=&#8221;2%&#8221; constrain_group_101=&#8221;yes&#8221; right_padding_desktop=&#8221;2%&#8221; flex_gap_desktop=&#8221;10px&#8221; column_element_direction_desktop=&#8221;default&#8221; column_element_spacing=&#8221;default&#8221; desktop_text_alignment=&#8221;default&#8221; tablet_text_alignment=&#8221;default&#8221; phone_text_alignment=&#8221;default&#8221; background_color_opacity=&#8221;1&#8243; background_hover_color_opacity=&#8221;1&#8243; column_backdrop_filter=&#8221;none&#8221; column_shadow=&#8221;none&#8221; column_border_radius=&#8221;none&#8221; column_link_target=&#8221;_self&#8221; column_position=&#8221;default&#8221; gradient_direction=&#8221;left_to_right&#8221; overlay_strength=&#8221;0.3&#8243; width=&#8221;1\/1&#8243; tablet_width_inherit=&#8221;default&#8221; animation_type=&#8221;default&#8221; bg_image_animation=&#8221;none&#8221; border_type=&#8221;simple&#8221; column_border_width=&#8221;none&#8221; column_border_style=&#8221;solid&#8221; column_padding_type=&#8221;advanced&#8221; gradient_type=&#8221;default&#8221;][vc_row_inner equal_height=&#8221;yes&#8221; content_placement=&#8221;top&#8221; column_margin=&#8221;custom&#8221; column_margin_custom=&#8221;4%&#8221; column_direction=&#8221;default&#8221; column_direction_tablet=&#8221;default&#8221; column_direction_phone=&#8221;default&#8221; text_align=&#8221;left&#8221; row_position=&#8221;default&#8221; row_position_tablet=&#8221;inherit&#8221; row_position_phone=&#8221;inherit&#8221; overflow=&#8221;visible&#8221; pointer_events=&#8221;all&#8221;][vc_column_inner flex_gap_desktop=&#8221;10px&#8221; column_element_direction_desktop=&#8221;default&#8221; column_element_spacing=&#8221;default&#8221; desktop_text_alignment=&#8221;default&#8221; tablet_text_alignment=&#8221;default&#8221; phone_text_alignment=&#8221;default&#8221; background_color_opacity=&#8221;1&#8243; background_hover_color_opacity=&#8221;1&#8243; column_backdrop_filter=&#8221;none&#8221; column_shadow=&#8221;none&#8221; column_border_radius=&#8221;none&#8221; column_link_target=&#8221;_self&#8221; overflow=&#8221;visible&#8221; gradient_direction=&#8221;left_to_right&#8221; overlay_strength=&#8221;0.3&#8243; width=&#8221;1\/2&#8243; tablet_width_inherit=&#8221;default&#8221; animation_type=&#8221;default&#8221; bg_image_animation=&#8221;none&#8221; border_type=&#8221;simple&#8221; column_border_width=&#8221;none&#8221; column_border_style=&#8221;solid&#8221; column_padding_type=&#8221;advanced&#8221; gradient_type=&#8221;default&#8221;][nectar_responsive_text inherited_font_style=&#8221;default&#8221; text_color=&#8221;#002f49&#8243; text_direction=&#8221;default&#8221; max_width=&#8221;800&#8243;]\n<h3>Alihankintaverkosto \u2013 l\u00f6yd\u00e4 tekij\u00e4 tai uusi toimeksianto<\/h3>\n[\/nectar_responsive_text][nectar_responsive_text inherited_font_style=&#8221;default&#8221; text_color=&#8221;#002f49&#8243; text_direction=&#8221;default&#8221; max_width=&#8221;800&#8243;]Seudullinen alihankintaverkostomme kokoaa yhteen alihankintaa ostavat ja myyv\u00e4t yritykset sek\u00e4 yksinyritt\u00e4j\u00e4t, jotka haluavat kasvaa, verkostoitua ja l\u00f6yt\u00e4\u00e4 uusia yhteisty\u00f6mahdollisuuksia. Verkosto tarjoaa konkreettisen alustan liiketoiminnan kehitt\u00e4miseen tilanteessa, jossa osaajapula ja resurssien joustava k\u00e4ytt\u00f6 korostuvat.<\/p>\n<p>Alihankintaverkosto on tarkoitettu kaikenkokoisille yrityksille ja kaikille toimialoille \u2013 t\u00e4rkeint\u00e4 on halu tehd\u00e4 yhteisty\u00f6t\u00e4 ja l\u00f6yt\u00e4\u00e4 toimivia ratkaisuja yhdess\u00e4.[\/nectar_responsive_text][nectar_btn size=&#8221;large&#8221; button_style=&#8221;regular&#8221; button_color_2=&#8221;Extra-Color-1&#8243; solid_text_color_override=&#8221;#ffffff&#8221; icon_family=&#8221;default_arrow&#8221; text=&#8221;Alihankintaa ostavien yritysten hakemisto&#8221; url=&#8221;\/yrityshakemisto-ostavat&#8221; margin_top=&#8221;15&#8243; margin_right=&#8221;22&#8243;][nectar_btn size=&#8221;large&#8221; button_style=&#8221;regular&#8221; button_color_2=&#8221;Extra-Color-1&#8243; solid_text_color_override=&#8221;#ffffff&#8221; icon_family=&#8221;default_arrow&#8221; text=&#8221;Alihankintaa myyvien yritysten hakemisto&#8221; url=&#8221;\/yrityshakemisto-myyvat&#8221; margin_top=&#8221;15&#8243;][\/vc_column_inner][vc_column_inner column_padding=&#8221;no-extra-padding&#8221; column_padding_tablet=&#8221;inherit&#8221; column_padding_phone=&#8221;inherit&#8221; column_padding_position=&#8221;all&#8221; flex_gap_desktop=&#8221;10px&#8221; column_element_direction_desktop=&#8221;default&#8221; column_element_spacing=&#8221;default&#8221; desktop_text_alignment=&#8221;default&#8221; tablet_text_alignment=&#8221;default&#8221; phone_text_alignment=&#8221;default&#8221; background_color_opacity=&#8221;1&#8243; background_hover_color_opacity=&#8221;1&#8243; column_backdrop_filter=&#8221;none&#8221; column_shadow=&#8221;none&#8221; column_border_radius=&#8221;none&#8221; column_link_target=&#8221;_self&#8221; overflow=&#8221;visible&#8221; gradient_direction=&#8221;left_to_right&#8221; overlay_strength=&#8221;0.3&#8243; width=&#8221;1\/2&#8243; tablet_width_inherit=&#8221;default&#8221; animation_type=&#8221;default&#8221; bg_image_animation=&#8221;none&#8221; border_type=&#8221;simple&#8221; column_border_width=&#8221;none&#8221; column_border_style=&#8221;solid&#8221;][vc_column_text css=&#8221;&#8221; text_direction=&#8221;default&#8221;]\n<h3>Alihankintap\u00f6rssi \u2013 akuutit tarpeet ja nopeat ratkaisut<\/h3>\n[\/vc_column_text][vc_column_text css=&#8221;&#8221; text_direction=&#8221;default&#8221;]Alihankintaverkostoon kuuluu nyt my\u00f6s Alihankintap\u00f6rssi, jossa yritykset voivat ilmoittaa ajankohtaisista ja akuuteista alihankinnan tarpeistaan. P\u00f6rssi tekee kysynn\u00e4n ja tarjonnan kohtaamisesta entist\u00e4 nopeampaa ja l\u00e4pin\u00e4kyv\u00e4mp\u00e4\u00e4.<\/p>\n<p>Alihankintap\u00f6rssi sopii erityisesti tilanteisiin, joissa:<br \/>\n&#8211; tarvitaan tekij\u00e4 nopeasti<br \/>\n&#8211; kapasiteettia halutaan t\u00e4ydent\u00e4\u00e4 lyhyell\u00e4 varoitusajalla<br \/>\n&#8211; etsit\u00e4\u00e4n uutta kumppania yksitt\u00e4iseen toimeksiantoon tai pidemp\u00e4\u00e4n yhteisty\u00f6h\u00f6n[\/vc_column_text][nectar_btn size=&#8221;large&#8221; button_style=&#8221;regular&#8221; button_color_2=&#8221;Extra-Color-1&#8243; solid_text_color_override=&#8221;#ffffff&#8221; icon_family=&#8221;default_arrow&#8221; text=&#8221;Alihankintap\u00f6rssi&#8221; url=&#8221;\/alihankintaporssi&#8221; margin_top=&#8221;15&#8243; margin_right=&#8221;22&#8243; aria_label_text=&#8221;Alihankintap\u00f6rssi&#8221;][\/vc_column_inner][\/vc_row_inner][\/vc_column][\/vc_row][vc_row type=&#8221;full_width_background&#8221; full_screen_row_position=&#8221;middle&#8221; column_margin=&#8221;default&#8221; equal_height=&#8221;yes&#8221; content_placement=&#8221;top&#8221; column_direction=&#8221;default&#8221; column_direction_tablet=&#8221;default&#8221; column_direction_phone=&#8221;default&#8221; bg_color=&#8221;#F3F3F3&#8243; scene_position=&#8221;center&#8221; top_padding=&#8221;4%&#8221; constrain_group_1=&#8221;yes&#8221; bottom_padding=&#8221;4%&#8221; left_padding_desktop=&#8221;4%&#8221; constrain_group_2=&#8221;yes&#8221; right_padding_desktop=&#8221;4%&#8221; top_padding_phone=&#8221;10%&#8221; constrain_group_5=&#8221;yes&#8221; bottom_padding_phone=&#8221;10%&#8221; left_padding_phone=&#8221;0&#8243; constrain_group_6=&#8221;yes&#8221; right_padding_phone=&#8221;0&#8243; text_color=&#8221;dark&#8221; text_align=&#8221;left&#8221; row_border_radius=&#8221;none&#8221; row_border_radius_applies=&#8221;bg&#8221; row_position_desktop=&#8221;default&#8221; row_position_tablet=&#8221;inherit&#8221; row_position_phone=&#8221;inherit&#8221; overflow=&#8221;visible&#8221; overlay_strength=&#8221;0.3&#8243; gradient_direction=&#8221;left_to_right&#8221; shape_divider_position=&#8221;bottom&#8221; bg_image_animation=&#8221;none&#8221; gradient_type=&#8221;default&#8221; shape_type=&#8221;&#8221;][vc_column column_padding=&#8221;no-extra-padding&#8221; column_padding_tablet=&#8221;inherit&#8221; column_padding_phone=&#8221;inherit&#8221; column_padding_position=&#8221;all&#8221; column_element_direction_desktop=&#8221;default&#8221; column_element_spacing=&#8221;default&#8221; desktop_text_alignment=&#8221;default&#8221; tablet_text_alignment=&#8221;default&#8221; phone_text_alignment=&#8221;default&#8221; background_color_opacity=&#8221;1&#8243; background_hover_color_opacity=&#8221;1&#8243; column_backdrop_filter=&#8221;none&#8221; column_shadow=&#8221;none&#8221; column_border_radius=&#8221;none&#8221; column_link_target=&#8221;_self&#8221; column_position=&#8221;default&#8221; gradient_direction=&#8221;left_to_right&#8221; overlay_strength=&#8221;0.3&#8243; width=&#8221;1\/2&#8243; tablet_width_inherit=&#8221;default&#8221; animation_type=&#8221;default&#8221; bg_image_animation=&#8221;none&#8221; border_type=&#8221;simple&#8221; column_border_width=&#8221;none&#8221; column_border_style=&#8221;solid&#8221; column_padding_type=&#8221;default&#8221; content_layout=&#8221;default&#8221; gradient_type=&#8221;default&#8221;][nectar_btn size=&#8221;large&#8221; open_new_tab=&#8221;true&#8221; button_style=&#8221;regular&#8221; button_color_2=&#8221;Extra-Color-2&#8243; solid_text_color_override=&#8221;#002f49&#8243; icon_family=&#8221;none&#8221; text=&#8221;Liity mukaan seudulliseen alihankintaverkostoomme&#8221; url=&#8221;https:\/\/link.webropolsurveys.com\/Participation\/Public\/ac3a9147-2a1b-44bd-a79b-a56a5926acb6?displayId=Fin3207811&#8243; margin_bottom=&#8221;15&#8243; margin_top=&#8221;15&#8243;][\/vc_column][vc_column column_padding=&#8221;no-extra-padding&#8221; column_padding_tablet=&#8221;inherit&#8221; column_padding_phone=&#8221;inherit&#8221; column_padding_position=&#8221;all&#8221; flex_gap_desktop=&#8221;10px&#8221; column_element_direction_desktop=&#8221;default&#8221; column_element_spacing=&#8221;default&#8221; desktop_text_alignment=&#8221;default&#8221; tablet_text_alignment=&#8221;default&#8221; phone_text_alignment=&#8221;default&#8221; background_color_opacity=&#8221;1&#8243; background_hover_color_opacity=&#8221;1&#8243; column_backdrop_filter=&#8221;none&#8221; column_shadow=&#8221;none&#8221; column_border_radius=&#8221;none&#8221; column_link_target=&#8221;_self&#8221; column_position=&#8221;default&#8221; gradient_direction=&#8221;left_to_right&#8221; overlay_strength=&#8221;0.3&#8243; width=&#8221;1\/2&#8243; tablet_width_inherit=&#8221;default&#8221; animation_type=&#8221;default&#8221; bg_image_animation=&#8221;none&#8221; border_type=&#8221;simple&#8221; column_border_width=&#8221;none&#8221; column_border_style=&#8221;solid&#8221;][vc_column_text css=&#8221;&#8221; text_direction=&#8221;default&#8221;]<strong><br \/>\nLis\u00e4tietoja alihankintaverkostosta<br \/>\n<\/strong><br \/>\nMarja-Leena H\u00e4m\u00e4l\u00e4inen<br \/>\n<em>yritysneuvoja<\/em><br \/>\n040 3515 768<br \/>\n<a href=\"mailto:marja-leena.hamalainen@lieto.fi\">marja-leena.hamalainen@lieto.fi<\/a><\/p>\n<p style=\"text-align: left;\">Alihankintaverkosto on toteutettu osana Varsinais-Suomen liiton rahoittamaa <em>Yksinyritt\u00e4j\u00e4t ratkaisuna osaajapulaan<\/em>-hanketta.<\/p>\n<p><a href=\"https:\/\/liedoninnovaatiokampus.fi\/dev\/wp-content\/uploads\/2025\/12\/Varsinais-Suomen-liitto_Logo_Sininen.svg\"><img decoding=\"async\" class=\"alignnone size-full wp-image-8257\" src=\"https:\/\/liedoninnovaatiokampus.fi\/dev\/wp-content\/uploads\/2025\/12\/Varsinais-Suomen-liitto_Logo_Sininen.svg\" alt=\"\" \/><\/a>[\/vc_column_text][\/vc_column][\/vc_row]\n","protected":false},"excerpt":{"rendered":"<p>[vc_row type=&#8221;full_width_background&#8221; full_screen_row_position=&#8221;middle&#8221; column_margin=&#8221;default&#8221; column_direction=&#8221;default&#8221; column_direction_tablet=&#8221;default&#8221; column_direction_phone=&#8221;default&#8221; bg_color=&#8221;#002f49&#8243; bg_image=&#8221;8237&#8243; bg_image_type=&#8221;default&#8221; bg_position=&#8221;center bottom&#8221; background_image_loading=&#8221;default&#8221; bg_repeat=&#8221;no-repeat&#8221; scene_position=&#8221;center&#8221; top_padding=&#8221;10%&#8221; constrain_group_1=&#8221;yes&#8221; bottom_padding=&#8221;10%&#8221; left_padding_desktop=&#8221;5%&#8221; constrain_group_2=&#8221;yes&#8221; right_padding_desktop=&#8221;5%&#8221; constrain_group_3=&#8221;yes&#8221; left_padding_tablet=&#8221;0&#8243; constrain_group_4=&#8221;yes&#8221; right_padding_tablet=&#8221;0&#8243; top_padding_phone=&#8221;20%&#8221; constrain_group_5=&#8221;yes&#8221; bottom_padding_phone=&#8221;20%&#8221; left_padding_phone=&#8221;0&#8243; constrain_group_6=&#8221;yes&#8221;&#8230;<\/p>\n","protected":false},"author":1,"featured_media":0,"parent":0,"menu_order":0,"comment_status":"closed","ping_status":"closed","template":"","meta":{"_acf_changed":false,"footnotes":""},"class_list":["post-7031","page","type-page","status-publish"],"acf":[],"publishpress_future_action":{"enabled":false,"date":"2026-04-10 23:30:19","action":"change-status","newStatus":"draft","terms":[],"taxonomy":"","extraData":[]},"publishpress_future_workflow_manual_trigger":{"enabledWorkflows":[]},"_links":{"self":[{"href":"https:\/\/liedoninnovaatiokampus.fi\/dev\/wp-json\/wp\/v2\/pages\/7031","targetHints":{"allow":["GET"]}}],"collection":[{"href":"https:\/\/liedoninnovaatiokampus.fi\/dev\/wp-json\/wp\/v2\/pages"}],"about":[{"href":"https:\/\/liedoninnovaatiokampus.fi\/dev\/wp-json\/wp\/v2\/types\/page"}],"author":[{"embeddable":true,"href":"https:\/\/liedoninnovaatiokampus.fi\/dev\/wp-json\/wp\/v2\/users\/1"}],"replies":[{"embeddable":true,"href":"https:\/\/liedoninnovaatiokampus.fi\/dev\/wp-json\/wp\/v2\/comments?post=7031"}],"version-history":[{"count":31,"href":"https:\/\/liedoninnovaatiokampus.fi\/dev\/wp-json\/wp\/v2\/pages\/7031\/revisions"}],"predecessor-version":[{"id":8276,"href":"https:\/\/liedoninnovaatiokampus.fi\/dev\/wp-json\/wp\/v2\/pages\/7031\/revisions\/8276"}],"wp:attachment":[{"href":"https:\/\/liedoninnovaatiokampus.fi\/dev\/wp-json\/wp\/v2\/media?parent=7031"}],"curies":[{"name":"wp","href":"https:\/\/api.w.org\/{rel}","templated":true}]}}