{"id":8414,"date":"2026-01-14T15:14:46","date_gmt":"2026-01-14T13:14:46","guid":{"rendered":"https:\/\/liedoninnovaatiokampus.fi\/dev\/?page_id=8414"},"modified":"2026-01-14T15:17:28","modified_gmt":"2026-01-14T13:17:28","slug":"alihankinta-ilmoitus","status":"publish","type":"page","link":"https:\/\/liedoninnovaatiokampus.fi\/dev\/alihankinta-ilmoitus","title":{"rendered":"Alihankinta-ilmoitus"},"content":{"rendered":"[vc_row type=&#8221;in_container&#8221; full_screen_row_position=&#8221;middle&#8221; column_margin=&#8221;default&#8221; column_direction=&#8221;default&#8221; column_direction_tablet=&#8221;default&#8221; column_direction_phone=&#8221;default&#8221; scene_position=&#8221;center&#8221; bottom_padding=&#8221;3%&#8221; bottom_padding_phone=&#8221;8%&#8221; text_color=&#8221;dark&#8221; text_align=&#8221;left&#8221; row_border_radius=&#8221;none&#8221; row_border_radius_applies=&#8221;bg&#8221; row_position_desktop=&#8221;default&#8221; row_position_tablet=&#8221;inherit&#8221; row_position_phone=&#8221;inherit&#8221; overflow=&#8221;visible&#8221; overlay_strength=&#8221;0.3&#8243; gradient_direction=&#8221;left_to_right&#8221; shape_divider_position=&#8221;bottom&#8221; bg_image_animation=&#8221;none&#8221; gradient_type=&#8221;default&#8221; shape_type=&#8221;&#8221;][vc_column column_padding=&#8221;no-extra-padding&#8221; column_padding_tablet=&#8221;inherit&#8221; column_padding_phone=&#8221;inherit&#8221; column_padding_position=&#8221;all&#8221; flex_gap_desktop=&#8221;10px&#8221; column_element_direction_desktop=&#8221;default&#8221; column_element_spacing=&#8221;default&#8221; desktop_text_alignment=&#8221;default&#8221; tablet_text_alignment=&#8221;default&#8221; phone_text_alignment=&#8221;default&#8221; background_color_opacity=&#8221;1&#8243; background_hover_color_opacity=&#8221;1&#8243; column_backdrop_filter=&#8221;none&#8221; column_shadow=&#8221;none&#8221; column_border_radius=&#8221;none&#8221; column_link_target=&#8221;_self&#8221; column_position=&#8221;default&#8221; gradient_direction=&#8221;left_to_right&#8221; overlay_strength=&#8221;0.3&#8243; width=&#8221;1\/6&#8243; tablet_width_inherit=&#8221;default&#8221; animation_type=&#8221;default&#8221; bg_image_animation=&#8221;none&#8221; border_type=&#8221;simple&#8221; column_border_width=&#8221;none&#8221; column_border_style=&#8221;solid&#8221;][\/vc_column][vc_column column_padding=&#8221;padding-3-percent&#8221; column_padding_tablet=&#8221;inherit&#8221; column_padding_phone=&#8221;padding-3-percent&#8221; column_padding_position=&#8221;all&#8221; column_element_direction_desktop=&#8221;default&#8221; column_element_spacing=&#8221;default&#8221; desktop_text_alignment=&#8221;default&#8221; tablet_text_alignment=&#8221;default&#8221; phone_text_alignment=&#8221;default&#8221; background_color=&#8221;#9F1D7833&#8243; background_color_opacity=&#8221;1&#8243; background_hover_color_opacity=&#8221;1&#8243; column_backdrop_filter=&#8221;none&#8221; column_shadow=&#8221;none&#8221; column_border_radius=&#8221;15px&#8221; column_link_target=&#8221;_self&#8221; column_position=&#8221;default&#8221; gradient_direction=&#8221;left_to_right&#8221; overlay_strength=&#8221;0.3&#8243; width=&#8221;2\/3&#8243; tablet_width_inherit=&#8221;default&#8221; animation_type=&#8221;default&#8221; bg_image_animation=&#8221;none&#8221; border_type=&#8221;simple&#8221; column_border_width=&#8221;none&#8221; column_border_style=&#8221;solid&#8221; column_padding_type=&#8221;default&#8221; content_layout=&#8221;default&#8221; gradient_type=&#8221;default&#8221;][nectar_responsive_text inherited_font_style=&#8221;default&#8221; text_color=&#8221;#000000&#8243; text_direction=&#8221;default&#8221;]\n<h2>Ilmoitus alihankinnan tarpeesta<\/h2>\n[\/nectar_responsive_text]<style id=\"wpforms-css-vars-8411\">\n\t\t\t\t#wpforms-8411 {\n\t\t\t\t--wpforms-field-size-input-height: 43px;\n--wpforms-field-size-input-spacing: 15px;\n--wpforms-field-size-font-size: 16px;\n--wpforms-field-size-line-height: 19px;\n--wpforms-field-size-padding-h: 14px;\n--wpforms-field-size-checkbox-size: 16px;\n--wpforms-field-size-sublabel-spacing: 5px;\n--wpforms-field-size-icon-size: 1;\n--wpforms-label-size-font-size: 16px;\n--wpforms-label-size-line-height: 19px;\n--wpforms-label-size-sublabel-font-size: 14px;\n--wpforms-label-size-sublabel-line-height: 17px;\n--wpforms-button-size-font-size: 17px;\n--wpforms-button-size-height: 41px;\n--wpforms-button-size-padding-h: 15px;\n--wpforms-button-size-margin-top: 10px;\n--wpforms-container-shadow-size-box-shadow: none;\n\t\t\t}\n\t\t\t<\/style><div class=\"wpforms-container wpforms-container-full wpforms-render-modern\" id=\"wpforms-8411\"><form id=\"wpforms-form-8411\" class=\"wpforms-validate wpforms-form\" data-formid=\"8411\" method=\"post\" enctype=\"multipart\/form-data\" action=\"\/dev\/wp-json\/wp\/v2\/pages\/8414\" data-token=\"c485ac5344521ca4c5b8c4e8c797b76d\" data-token-time=\"1775242492\"><noscript class=\"wpforms-error-noscript\">Please enable JavaScript in your browser to complete this form.<\/noscript><div id=\"wpforms-error-noscript\" style=\"display: none;\">Please enable JavaScript in your browser to complete this form.<\/div><div class=\"wpforms-field-container\"><div id=\"wpforms-8411-field_1-container\" class=\"wpforms-field wpforms-field-divider\" data-field-type=\"divider\" data-field-id=\"1\"><h3 id=\"wpforms-8411-field_1\" aria-errormessage=\"wpforms-8411-field_1-error\">1. Yrityksen perustiedot<\/h3><\/div><div id=\"wpforms-8411-field_2-container\" class=\"wpforms-field wpforms-field-text\" data-field-type=\"text\" data-field-id=\"2\"><label class=\"wpforms-field-label\" for=\"wpforms-8411-field_2\">Yrityksen nimi <span class=\"wpforms-required-label\" aria-hidden=\"true\">*<\/span><\/label><input type=\"text\" id=\"wpforms-8411-field_2\" class=\"wpforms-field-medium wpforms-field-required\" name=\"wpforms[fields][2]\" aria-errormessage=\"wpforms-8411-field_2-error\" required><\/div><div id=\"wpforms-8411-field_3-container\" class=\"wpforms-field wpforms-field-text\" data-field-type=\"text\" data-field-id=\"3\"><label class=\"wpforms-field-label\" for=\"wpforms-8411-field_3\">Y-tunnus <span class=\"wpforms-required-label\" aria-hidden=\"true\">*<\/span><\/label><input type=\"text\" id=\"wpforms-8411-field_3\" class=\"wpforms-field-medium wpforms-field-required\" name=\"wpforms[fields][3]\" aria-errormessage=\"wpforms-8411-field_3-error\" required><\/div><div id=\"wpforms-8411-field_4-container\" class=\"wpforms-field wpforms-field-text\" data-field-type=\"text\" data-field-id=\"4\"><label class=\"wpforms-field-label\" for=\"wpforms-8411-field_4\">Yrityksen kotipaikka<\/label><input type=\"text\" id=\"wpforms-8411-field_4\" class=\"wpforms-field-medium\" name=\"wpforms[fields][4]\" aria-errormessage=\"wpforms-8411-field_4-error\" ><\/div><div id=\"wpforms-8411-field_5-container\" class=\"wpforms-field wpforms-field-text\" data-field-type=\"text\" data-field-id=\"5\"><label class=\"wpforms-field-label\" for=\"wpforms-8411-field_5\">Verkkosivut<\/label><input type=\"text\" id=\"wpforms-8411-field_5\" class=\"wpforms-field-medium\" name=\"wpforms[fields][5]\" placeholder=\"https:\/\/\" aria-errormessage=\"wpforms-8411-field_5-error\" ><\/div><div id=\"wpforms-8411-field_6-container\" class=\"wpforms-field wpforms-field-divider\" data-field-type=\"divider\" data-field-id=\"6\"><h3 id=\"wpforms-8411-field_6\" aria-errormessage=\"wpforms-8411-field_6-error\">2. Yhteyshenkil\u00f6<\/h3><\/div><div id=\"wpforms-8411-field_7-container\" class=\"wpforms-field wpforms-field-text\" data-field-type=\"text\" data-field-id=\"7\"><label class=\"wpforms-field-label\" for=\"wpforms-8411-field_7\">Nimi <span class=\"wpforms-required-label\" aria-hidden=\"true\">*<\/span><\/label><input type=\"text\" id=\"wpforms-8411-field_7\" class=\"wpforms-field-medium wpforms-field-required\" name=\"wpforms[fields][7]\" aria-errormessage=\"wpforms-8411-field_7-error\" required><\/div><div id=\"wpforms-8411-field_8-container\" class=\"wpforms-field wpforms-field-text\" data-field-type=\"text\" data-field-id=\"8\"><label class=\"wpforms-field-label\" for=\"wpforms-8411-field_8\">Teht\u00e4v\u00e4nimike \/ rooli<\/label><input type=\"text\" id=\"wpforms-8411-field_8\" class=\"wpforms-field-medium\" name=\"wpforms[fields][8]\" aria-errormessage=\"wpforms-8411-field_8-error\" ><\/div><div id=\"wpforms-8411-field_9-container\" class=\"wpforms-field wpforms-field-email\" data-field-type=\"email\" data-field-id=\"9\"><label class=\"wpforms-field-label\" for=\"wpforms-8411-field_9\">S\u00e4hk\u00f6posti <span class=\"wpforms-required-label\" aria-hidden=\"true\">*<\/span><\/label><input type=\"email\" id=\"wpforms-8411-field_9\" class=\"wpforms-field-medium wpforms-field-required\" name=\"wpforms[fields][9]\" spellcheck=\"false\" aria-errormessage=\"wpforms-8411-field_9-error\" required><\/div><div id=\"wpforms-8411-field_10-container\" class=\"wpforms-field wpforms-field-phone\" data-field-type=\"phone\" data-field-id=\"10\"><label class=\"wpforms-field-label\" for=\"wpforms-8411-field_10\">Puhelinnumero <span class=\"wpforms-required-label\" aria-hidden=\"true\">*<\/span><\/label><input type=\"tel\" id=\"wpforms-8411-field_10\" class=\"wpforms-field-medium wpforms-field-required wpforms-smart-phone-field\" data-rule-smart-phone-field=\"true\" name=\"wpforms[fields][10]\" aria-label=\"Puhelinnumero\" aria-errormessage=\"wpforms-8411-field_10-error\" required><\/div><div id=\"wpforms-8411-field_11-container\" class=\"wpforms-field wpforms-field-divider\" data-field-type=\"divider\" data-field-id=\"11\"><h3 id=\"wpforms-8411-field_11\" aria-errormessage=\"wpforms-8411-field_11-error\">3. Alihankintatarpeen tiedot<\/h3><\/div><div id=\"wpforms-8411-field_12-container\" class=\"wpforms-field wpforms-field-text\" data-field-type=\"text\" data-field-id=\"12\"><label class=\"wpforms-field-label\" for=\"wpforms-8411-field_12\">Alihankinnan otsikko <span class=\"wpforms-required-label\" aria-hidden=\"true\">*<\/span><\/label><input type=\"text\" id=\"wpforms-8411-field_12\" class=\"wpforms-field-medium wpforms-field-required\" name=\"wpforms[fields][12]\" placeholder=\"Esim. \u201cHitsauspalvelu projektiin, kev\u00e4t 2025\u201d\" aria-errormessage=\"wpforms-8411-field_12-error\" required><\/div><div id=\"wpforms-8411-field_13-container\" class=\"wpforms-field wpforms-field-text\" data-field-type=\"text\" data-field-id=\"13\"><label class=\"wpforms-field-label\" for=\"wpforms-8411-field_13\">Toimiala \/ osaamisalue <span class=\"wpforms-required-label\" aria-hidden=\"true\">*<\/span><\/label><input type=\"text\" id=\"wpforms-8411-field_13\" class=\"wpforms-field-medium wpforms-field-required\" name=\"wpforms[fields][13]\" aria-errormessage=\"wpforms-8411-field_13-error\" required><\/div><div id=\"wpforms-8411-field_14-container\" class=\"wpforms-field wpforms-field-textarea\" data-field-type=\"textarea\" data-field-id=\"14\"><label class=\"wpforms-field-label\" for=\"wpforms-8411-field_14\">Alihankinnan kuvaus <span class=\"wpforms-required-label\" aria-hidden=\"true\">*<\/span><\/label><textarea id=\"wpforms-8411-field_14\" class=\"wpforms-field-large wpforms-field-required\" name=\"wpforms[fields][14]\" aria-errormessage=\"wpforms-8411-field_14-error\" aria-describedby=\"wpforms-8411-field_14-description\" required><\/textarea><div id=\"wpforms-8411-field_14-description\" class=\"wpforms-field-description\">Kuvaa ty\u00f6, vaatimukset ja mahdollinen kokemus<\/div><\/div><div id=\"wpforms-8411-field_15-container\" class=\"wpforms-field wpforms-field-radio\" data-field-type=\"radio\" data-field-id=\"15\"><fieldset><legend class=\"wpforms-field-label\">Alihankinnan kesto <span class=\"wpforms-required-label\" aria-hidden=\"true\">*<\/span><\/legend><ul id=\"wpforms-8411-field_15\" class=\"wpforms-field-required\"><li class=\"choice-1 depth-1\"><input type=\"radio\" id=\"wpforms-8411-field_15_1\" name=\"wpforms[fields][15]\" value=\"Kertaluonteinen\" aria-errormessage=\"wpforms-8411-field_15_1-error\" required ><label class=\"wpforms-field-label-inline\" for=\"wpforms-8411-field_15_1\">Kertaluonteinen<\/label><\/li><li class=\"choice-2 depth-1\"><input type=\"radio\" id=\"wpforms-8411-field_15_2\" name=\"wpforms[fields][15]\" value=\"M\u00e4\u00e4r\u00e4aikainen (alku\u2013loppu)\" aria-errormessage=\"wpforms-8411-field_15_2-error\" required ><label class=\"wpforms-field-label-inline\" for=\"wpforms-8411-field_15_2\">M\u00e4\u00e4r\u00e4aikainen (alku\u2013loppu)<\/label><\/li><li class=\"choice-3 depth-1\"><input type=\"radio\" id=\"wpforms-8411-field_15_3\" name=\"wpforms[fields][15]\" value=\"Jatkuva \/ toistuva\" aria-errormessage=\"wpforms-8411-field_15_3-error\" required ><label class=\"wpforms-field-label-inline\" for=\"wpforms-8411-field_15_3\">Jatkuva \/ toistuva<\/label><\/li><\/ul><\/fieldset><\/div><div id=\"wpforms-8411-field_16-container\" class=\"wpforms-field wpforms-field-radio\" data-field-type=\"radio\" data-field-id=\"16\"><fieldset><legend class=\"wpforms-field-label\">Aloitusajankohta<\/legend><ul id=\"wpforms-8411-field_16\"><li class=\"choice-1 depth-1\"><input type=\"radio\" id=\"wpforms-8411-field_16_1\" name=\"wpforms[fields][16]\" value=\"Heti\" aria-errormessage=\"wpforms-8411-field_16_1-error\"  ><label class=\"wpforms-field-label-inline\" for=\"wpforms-8411-field_16_1\">Heti<\/label><\/li><li class=\"choice-2 depth-1\"><input type=\"radio\" id=\"wpforms-8411-field_16_2\" name=\"wpforms[fields][16]\" value=\"P\u00e4iv\u00e4m\u00e4\u00e4r\u00e4\" aria-errormessage=\"wpforms-8411-field_16_2-error\"  ><label class=\"wpforms-field-label-inline\" for=\"wpforms-8411-field_16_2\">P\u00e4iv\u00e4m\u00e4\u00e4r\u00e4<\/label><\/li><li class=\"choice-3 depth-1\"><input type=\"radio\" id=\"wpforms-8411-field_16_3\" name=\"wpforms[fields][16]\" value=\"Sovittavissa\" aria-errormessage=\"wpforms-8411-field_16_3-error\"  ><label class=\"wpforms-field-label-inline\" for=\"wpforms-8411-field_16_3\">Sovittavissa<\/label><\/li><\/ul><\/fieldset><\/div><div id=\"wpforms-8411-field_17-container\" class=\"wpforms-field wpforms-field-date-time\" data-field-type=\"date-time\" data-field-id=\"17\"><label class=\"wpforms-field-label\" for=\"wpforms-8411-field_17\">Aloitusajankohta (p\u00e4iv\u00e4m\u00e4\u00e4r\u00e4)<\/label><div class=\"wpforms-datepicker-wrap\"><input type=\"text\" id=\"wpforms-8411-field_17\" class=\"wpforms-field-date-time-date wpforms-datepicker wpforms-field-medium\" data-date-format=\"d.m.Y\" data-disable-past-dates=\"0\" data-input=\"true\" name=\"wpforms[fields][17][date]\" aria-errormessage=\"wpforms-8411-field_17-error\" aria-describedby=\"wpforms-8411-field_17-description\" ><a title=\"Clear Date\" data-clear role=\"button\" tabindex=\"0\" class=\"wpforms-datepicker-clear\" aria-label=\"Clear Date\" style=\"display:none;\"><\/a><\/div><div id=\"wpforms-8411-field_17-description\" class=\"wpforms-field-description\">T\u00e4yt\u00e4, jos valitsit 'P\u00e4iv\u00e4m\u00e4\u00e4r\u00e4'.<\/div><\/div><div id=\"wpforms-8411-field_18-container\" class=\"wpforms-field wpforms-field-checkbox\" data-field-type=\"checkbox\" data-field-id=\"18\"><fieldset><legend class=\"wpforms-field-label\">Ty\u00f6n sijainti<\/legend><ul id=\"wpforms-8411-field_18\"><li class=\"choice-1 depth-1\"><input type=\"checkbox\" id=\"wpforms-8411-field_18_1\" name=\"wpforms[fields][18][]\" value=\"Paikkakunta \/ paikkakunnat\" aria-errormessage=\"wpforms-8411-field_18_1-error\"  ><label class=\"wpforms-field-label-inline\" for=\"wpforms-8411-field_18_1\">Paikkakunta \/ paikkakunnat<\/label><\/li><li class=\"choice-2 depth-1\"><input type=\"checkbox\" id=\"wpforms-8411-field_18_2\" name=\"wpforms[fields][18][]\" value=\"Et\u00e4ty\u00f6 mahdollinen\" aria-errormessage=\"wpforms-8411-field_18_2-error\"  ><label class=\"wpforms-field-label-inline\" for=\"wpforms-8411-field_18_2\">Et\u00e4ty\u00f6 mahdollinen<\/label><\/li><li class=\"choice-3 depth-1\"><input type=\"checkbox\" id=\"wpforms-8411-field_18_3\" name=\"wpforms[fields][18][]\" value=\"Muu, miss\u00e4?\" aria-errormessage=\"wpforms-8411-field_18_3-error\"  ><label class=\"wpforms-field-label-inline\" for=\"wpforms-8411-field_18_3\">Muu, miss\u00e4?<\/label><\/li><\/ul><\/fieldset><\/div><div id=\"wpforms-8411-field_19-container\" class=\"wpforms-field wpforms-field-text\" data-field-type=\"text\" data-field-id=\"19\"><label class=\"wpforms-field-label\" for=\"wpforms-8411-field_19\">Jos muu, miss\u00e4?<\/label><input type=\"text\" id=\"wpforms-8411-field_19\" class=\"wpforms-field-medium\" name=\"wpforms[fields][19]\" placeholder=\"Kerro sijainti\" aria-errormessage=\"wpforms-8411-field_19-error\" ><\/div><div id=\"wpforms-8411-field_20-container\" class=\"wpforms-field wpforms-field-divider\" data-field-type=\"divider\" data-field-id=\"20\"><h3 id=\"wpforms-8411-field_20\" aria-errormessage=\"wpforms-8411-field_20-error\">4. Julkaisua koskevat valinnat<\/h3><\/div><div id=\"wpforms-8411-field_21-container\" class=\"wpforms-field wpforms-field-radio\" data-field-type=\"radio\" data-field-id=\"21\"><fieldset><legend class=\"wpforms-field-label\">Ilmoituksen voimassaoloaika <span class=\"wpforms-required-label\" aria-hidden=\"true\">*<\/span><\/legend><ul id=\"wpforms-8411-field_21\" class=\"wpforms-field-required\"><li class=\"choice-1 depth-1\"><input type=\"radio\" id=\"wpforms-8411-field_21_1\" name=\"wpforms[fields][21]\" value=\"14 p\u00e4iv\u00e4\u00e4\" aria-errormessage=\"wpforms-8411-field_21_1-error\" required ><label class=\"wpforms-field-label-inline\" for=\"wpforms-8411-field_21_1\">14 p\u00e4iv\u00e4\u00e4<\/label><\/li><li class=\"choice-2 depth-1\"><input type=\"radio\" id=\"wpforms-8411-field_21_2\" name=\"wpforms[fields][21]\" value=\"30 p\u00e4iv\u00e4\u00e4\" aria-errormessage=\"wpforms-8411-field_21_2-error\" required ><label class=\"wpforms-field-label-inline\" for=\"wpforms-8411-field_21_2\">30 p\u00e4iv\u00e4\u00e4<\/label><\/li><li class=\"choice-3 depth-1\"><input type=\"radio\" id=\"wpforms-8411-field_21_3\" name=\"wpforms[fields][21]\" value=\"60 p\u00e4iv\u00e4\u00e4\" aria-errormessage=\"wpforms-8411-field_21_3-error\" required ><label class=\"wpforms-field-label-inline\" for=\"wpforms-8411-field_21_3\">60 p\u00e4iv\u00e4\u00e4<\/label><\/li><\/ul><\/fieldset><\/div><div id=\"wpforms-8411-field_22-container\" class=\"wpforms-field wpforms-field-radio\" data-field-type=\"radio\" data-field-id=\"22\"><fieldset><legend class=\"wpforms-field-label\">Saako ilmoitusta jakaa Liedon Innovaatiokampuksen kanavissa? <span class=\"wpforms-required-label\" aria-hidden=\"true\">*<\/span><\/legend><ul id=\"wpforms-8411-field_22\" class=\"wpforms-field-required\"><li class=\"choice-1 depth-1\"><input type=\"radio\" id=\"wpforms-8411-field_22_1\" name=\"wpforms[fields][22]\" value=\"Kyll\u00e4\" aria-errormessage=\"wpforms-8411-field_22_1-error\" required ><label class=\"wpforms-field-label-inline\" for=\"wpforms-8411-field_22_1\">Kyll\u00e4<\/label><\/li><li class=\"choice-2 depth-1\"><input type=\"radio\" id=\"wpforms-8411-field_22_2\" name=\"wpforms[fields][22]\" value=\"Ei\" aria-errormessage=\"wpforms-8411-field_22_2-error\" required ><label class=\"wpforms-field-label-inline\" for=\"wpforms-8411-field_22_2\">Ei<\/label><\/li><\/ul><\/fieldset><\/div><div id=\"wpforms-8411-field_23-container\" class=\"wpforms-field wpforms-field-divider\" data-field-type=\"divider\" data-field-id=\"23\"><h3 id=\"wpforms-8411-field_23\" aria-errormessage=\"wpforms-8411-field_23-error\">5. Suostumukset ja ehdot<\/h3><\/div><div id=\"wpforms-8411-field_24-container\" class=\"wpforms-field wpforms-field-checkbox\" data-field-type=\"checkbox\" data-field-id=\"24\"><fieldset><legend class=\"wpforms-field-label\">Suostumukset <span class=\"wpforms-required-label\" aria-hidden=\"true\">*<\/span><\/legend><ul id=\"wpforms-8411-field_24\" class=\"wpforms-field-required\"><li class=\"choice-1 depth-1\"><input type=\"checkbox\" id=\"wpforms-8411-field_24_1\" name=\"wpforms[fields][24][]\" value=\"Hyv\u00e4ksyn, ett\u00e4 Liedon Innovaatiokampus Oy tarkistaa ilmoituksen ennen julkaisua ja pid\u00e4tt\u00e4\u00e4 oikeuden olla julkaisematta ilmoitusta, mik\u00e4li se ei sovellu alihankintap\u00f6rssin tarkoitukseen.\" aria-errormessage=\"wpforms-8411-field_24_1-error\" aria-describedby=\"wpforms-8411-field_24-description\" required ><label class=\"wpforms-field-label-inline\" for=\"wpforms-8411-field_24_1\">Hyv\u00e4ksyn, ett\u00e4 Liedon Innovaatiokampus Oy tarkistaa ilmoituksen ennen julkaisua ja pid\u00e4tt\u00e4\u00e4 oikeuden olla julkaisematta ilmoitusta, mik\u00e4li se ei sovellu alihankintap\u00f6rssin tarkoitukseen.<\/label><\/li><li class=\"choice-2 depth-1\"><input type=\"checkbox\" id=\"wpforms-8411-field_24_2\" name=\"wpforms[fields][24][]\" value=\"Vakuutan, ett\u00e4 ilmoituksen tiedot ovat paikkansapit\u00e4vi\u00e4.\" aria-errormessage=\"wpforms-8411-field_24_2-error\" aria-describedby=\"wpforms-8411-field_24-description\" required ><label class=\"wpforms-field-label-inline\" for=\"wpforms-8411-field_24_2\">Vakuutan, ett\u00e4 ilmoituksen tiedot ovat paikkansapit\u00e4vi\u00e4.<\/label><\/li><li class=\"choice-3 depth-1\"><input type=\"checkbox\" id=\"wpforms-8411-field_24_3\" name=\"wpforms[fields][24][]\" value=\"Hyv\u00e4ksyn tietosuojaselosteen.\" aria-errormessage=\"wpforms-8411-field_24_3-error\" aria-describedby=\"wpforms-8411-field_24-description\" required ><label class=\"wpforms-field-label-inline\" for=\"wpforms-8411-field_24_3\">Hyv\u00e4ksyn tietosuojaselosteen.<\/label><\/li><\/ul><div id=\"wpforms-8411-field_24-description\" class=\"wpforms-field-description\">Valitse kaikki kohdat jatkaaksesi.<\/div><\/fieldset><\/div><\/div><!-- .wpforms-field-container --><div class=\"wpforms-submit-container\" ><input type=\"hidden\" name=\"wpforms[id]\" value=\"8411\"><input type=\"hidden\" name=\"page_title\" value=\"\"><input type=\"hidden\" name=\"page_url\" value=\"https:\/\/liedoninnovaatiokampus.fi\/dev\/wp-json\/wp\/v2\/pages\/8414\"><input type=\"hidden\" name=\"url_referer\" value=\"\"><button type=\"submit\" name=\"wpforms[submit]\" id=\"wpforms-submit-8411\" class=\"wpforms-submit\" data-alt-text=\"L\u00e4hetet\u00e4\u00e4n...\" data-submit-text=\"L\u00e4het\u00e4\" aria-live=\"assertive\" value=\"wpforms-submit\">L\u00e4het\u00e4<\/button><\/div><\/form><\/div>  <!-- .wpforms-container -->[\/vc_column][vc_column column_padding=&#8221;no-extra-padding&#8221; column_padding_tablet=&#8221;inherit&#8221; column_padding_phone=&#8221;inherit&#8221; column_padding_position=&#8221;all&#8221; flex_gap_desktop=&#8221;10px&#8221; column_element_direction_desktop=&#8221;default&#8221; column_element_spacing=&#8221;default&#8221; desktop_text_alignment=&#8221;default&#8221; tablet_text_alignment=&#8221;default&#8221; phone_text_alignment=&#8221;default&#8221; background_color_opacity=&#8221;1&#8243; background_hover_color_opacity=&#8221;1&#8243; column_backdrop_filter=&#8221;none&#8221; column_shadow=&#8221;none&#8221; column_border_radius=&#8221;none&#8221; column_link_target=&#8221;_self&#8221; column_position=&#8221;default&#8221; gradient_direction=&#8221;left_to_right&#8221; overlay_strength=&#8221;0.3&#8243; width=&#8221;1\/6&#8243; tablet_width_inherit=&#8221;default&#8221; animation_type=&#8221;default&#8221; bg_image_animation=&#8221;none&#8221; border_type=&#8221;simple&#8221; column_border_width=&#8221;none&#8221; column_border_style=&#8221;solid&#8221;][\/vc_column][\/vc_row]\n","protected":false},"excerpt":{"rendered":"<p>[vc_row type=&#8221;in_container&#8221; full_screen_row_position=&#8221;middle&#8221; column_margin=&#8221;default&#8221; column_direction=&#8221;default&#8221; column_direction_tablet=&#8221;default&#8221; column_direction_phone=&#8221;default&#8221; scene_position=&#8221;center&#8221; bottom_padding=&#8221;3%&#8221; bottom_padding_phone=&#8221;8%&#8221; text_color=&#8221;dark&#8221; text_align=&#8221;left&#8221; row_border_radius=&#8221;none&#8221; row_border_radius_applies=&#8221;bg&#8221; row_position_desktop=&#8221;default&#8221; row_position_tablet=&#8221;inherit&#8221; row_position_phone=&#8221;inherit&#8221; overflow=&#8221;visible&#8221; overlay_strength=&#8221;0.3&#8243; gradient_direction=&#8221;left_to_right&#8221; shape_divider_position=&#8221;bottom&#8221; bg_image_animation=&#8221;none&#8221; gradient_type=&#8221;default&#8221; shape_type=&#8221;&#8221;][vc_column column_padding=&#8221;no-extra-padding&#8221; column_padding_tablet=&#8221;inherit&#8221; column_padding_phone=&#8221;inherit&#8221; column_padding_position=&#8221;all&#8221; flex_gap_desktop=&#8221;10px&#8221; column_element_direction_desktop=&#8221;default&#8221;&#8230;<\/p>\n","protected":false},"author":1,"featured_media":0,"parent":0,"menu_order":0,"comment_status":"closed","ping_status":"closed","template":"","meta":{"_acf_changed":false,"footnotes":""},"class_list":["post-8414","page","type-page","status-publish"],"acf":[],"publishpress_future_action":{"enabled":false,"date":"2026-04-10 21:54:52","action":"change-status","newStatus":"draft","terms":[],"taxonomy":"","extraData":[]},"publishpress_future_workflow_manual_trigger":{"enabledWorkflows":[]},"_links":{"self":[{"href":"https:\/\/liedoninnovaatiokampus.fi\/dev\/wp-json\/wp\/v2\/pages\/8414","targetHints":{"allow":["GET"]}}],"collection":[{"href":"https:\/\/liedoninnovaatiokampus.fi\/dev\/wp-json\/wp\/v2\/pages"}],"about":[{"href":"https:\/\/liedoninnovaatiokampus.fi\/dev\/wp-json\/wp\/v2\/types\/page"}],"author":[{"embeddable":true,"href":"https:\/\/liedoninnovaatiokampus.fi\/dev\/wp-json\/wp\/v2\/users\/1"}],"replies":[{"embeddable":true,"href":"https:\/\/liedoninnovaatiokampus.fi\/dev\/wp-json\/wp\/v2\/comments?post=8414"}],"version-history":[{"count":6,"href":"https:\/\/liedoninnovaatiokampus.fi\/dev\/wp-json\/wp\/v2\/pages\/8414\/revisions"}],"predecessor-version":[{"id":8420,"href":"https:\/\/liedoninnovaatiokampus.fi\/dev\/wp-json\/wp\/v2\/pages\/8414\/revisions\/8420"}],"wp:attachment":[{"href":"https:\/\/liedoninnovaatiokampus.fi\/dev\/wp-json\/wp\/v2\/media?parent=8414"}],"curies":[{"name":"wp","href":"https:\/\/api.w.org\/{rel}","templated":true}]}}